{"id":417,"date":"2020-06-03T13:20:43","date_gmt":"2020-06-03T10:20:43","guid":{"rendered":"https:\/\/alma.com.tr\/group\/cozum-ortaklari\/"},"modified":"2020-06-03T13:20:43","modified_gmt":"2020-06-03T10:20:43","slug":"cozum-ortaklari-2","status":"publish","type":"page","link":"https:\/\/alma.com.tr\/?page_id=417","title":{"rendered":"Kalite Politikam\u0131z"},"content":{"rendered":"\n<p>Kalite politikam\u0131z do\u011frultusunda daima m\u00fc\u015fterilerimizin lojistik hizmetimizden maksimum memnuniyet duymas\u0131 i\u00e7in uzman kadromuzla s\u00fcrekli geli\u015fmekteyiz.<\/p>\n\n\n\n<p>Lojistik hizmetler, Otelcilik ve Kiralama Hizmetleri, faaliyet alanlar\u0131nda  olu\u015fturdu\u011fumuz\u00a0 firmam\u0131z\u0131n hedef ve faaliyetlerine uygun geli\u015ftirdi\u011fimiz y\u00f6netim sistemi sayesinde s\u00fcre\u00e7 y\u00f6netimini kusursuz ilerletiyoruz. Bununla birlikte m\u00fc\u015fterilerimizi verdi\u011fimiz hizmetlerin odak noktas\u0131na yerle\u015ftirerek m\u00fc\u015fteri memnuniyetini daima %100\u2019de tutmay\u0131 hedeflemekteyiz. M\u00fc\u015fterilerimizi daima memnun edebilmek i\u00e7in hizmet kalitemizin dinamik bir yap\u0131da olmas\u0131 gerekti\u011finin fark\u0131nday\u0131z.\u00a0 Bu nedenle hizmet verdi\u011fimiz her alanda iyile\u015fme ve geli\u015fme \u00e7al\u0131\u015fmalar\u0131na devam ediyoruz. T\u00fcm s\u00fcrecin verimli ve h\u0131zl\u0131 ger\u00e7ekle\u015fmesi i\u00e7in att\u0131\u011f\u0131m\u0131z ad\u0131mlar sayesinde hizmetlerimizi kusursuz y\u00f6netmekteyiz.<\/p>\n\n\n\n<p>T\u00fcm faaliyetlerde b\u00fcy\u00fck bir \u00f6neme sahip oldu\u011funun fark\u0131nday\u0131z. Bu y\u00fczden olu\u015fturdu\u011fumuz uzman kadronun tecr\u00fcbesine daima yenilerini eklemek amac\u0131yla s\u00fcrekli e\u011fitimlerimize devam ediyoruz. AynI zamanda kazas\u0131z bir s\u00fcre\u00e7 i\u00e7in \u0130\u015f Sa\u011fl\u0131\u011f\u0131 ve G\u00fcvenli\u011fi \u00f6nlemlerini alarak b\u00fct\u00fcn \u00e7al\u0131\u015fanlar\u0131m\u0131za g\u00fcvenli bir \u00e7al\u0131\u015fma alan\u0131 sunuyoruz.<\/p>\n\n\n\n<p>Riskleri her alanda en aza&nbsp; indirmeyi hedefleyerek kalite standartlar\u0131m\u0131z ve iyi hizmet anlay\u0131\u015f\u0131m\u0131z ile daima ileriye d\u00f6n\u00fck&nbsp; \u00e7\u00f6z\u00fcm ve stratejiler \u00fcretiyoruz.<\/p>\n\n\n\n<p>Yasalara, y\u00f6netmeliklere ve standartlara uyarak faaliyetlerine devam etmektedir.<\/p>\n\n\n\n<p>Kalite politikam\u0131zda yenilik\u00e7i kimli\u011fimiz ile \u00f6ne \u00e7\u0131kmaktay\u0131z. Daima de\u011fi\u015fen teknolojiyi takip etmekte ve yat\u0131r\u0131mlar yapmaktay\u0131z. Yeni sistemler ve ara\u00e7lar ile hizmet kalitemizi artt\u0131rarak m\u00fc\u015fteri firmalar\u0131n zamandan tasarruf etmelerini, kusursuz bir hizmet almalar\u0131n\u0131 sa\u011fl\u0131yoruz.<\/p>\n","protected":false},"excerpt":{"rendered":"<p>Kalite politikam\u0131z do\u011frultusunda daima m\u00fc\u015fterilerimizin lojistik hizmetimizden maksimum memnuniyet duymas\u0131 i\u00e7in uzman kadromuzla s\u00fcrekli geli\u015fmekteyiz. Lojistik hizmetler, Otelcilik ve Kiralama Hizmetleri, faaliyet alanlar\u0131nda olu\u015fturdu\u011fumuz\u00a0 firmam\u0131z\u0131n hedef ve faaliyetlerine uygun geli\u015ftirdi\u011fimiz y\u00f6netim sistemi sayesinde s\u00fcre\u00e7 y\u00f6netimini kusursuz ilerletiyoruz. Bununla birlikte m\u00fc\u015fterilerimizi verdi\u011fimiz hizmetlerin odak noktas\u0131na yerle\u015ftirerek m\u00fc\u015fteri memnuniyetini daima %100\u2019de tutmay\u0131 hedeflemekteyiz. M\u00fc\u015fterilerimizi daima memnun edebilmek [&hellip;]<\/p>\n","protected":false},"author":1,"featured_media":0,"parent":0,"menu_order":0,"comment_status":"closed","ping_status":"closed","template":"pages\/page-references.php","meta":{"footnotes":""},"class_list":["post-417","page","type-page","status-publish","hentry"],"_links":{"self":[{"href":"https:\/\/alma.com.tr\/index.php?rest_route=\/wp\/v2\/pages\/417","targetHints":{"allow":["GET"]}}],"collection":[{"href":"https:\/\/alma.com.tr\/index.php?rest_route=\/wp\/v2\/pages"}],"about":[{"href":"https:\/\/alma.com.tr\/index.php?rest_route=\/wp\/v2\/types\/page"}],"author":[{"embeddable":true,"href":"https:\/\/alma.com.tr\/index.php?rest_route=\/wp\/v2\/users\/1"}],"replies":[{"embeddable":true,"href":"https:\/\/alma.com.tr\/index.php?rest_route=%2Fwp%2Fv2%2Fcomments&post=417"}],"version-history":[{"count":0,"href":"https:\/\/alma.com.tr\/index.php?rest_route=\/wp\/v2\/pages\/417\/revisions"}],"wp:attachment":[{"href":"https:\/\/alma.com.tr\/index.php?rest_route=%2Fwp%2Fv2%2Fmedia&parent=417"}],"curies":[{"name":"wp","href":"https:\/\/api.w.org\/{rel}","templated":true}]}}