{"id":369,"date":"2022-05-27T11:25:10","date_gmt":"2022-05-27T08:25:10","guid":{"rendered":"https:\/\/alma.com.tr\/group\/?page_id=369"},"modified":"2022-05-27T11:25:10","modified_gmt":"2022-05-27T08:25:10","slug":"grup-sirketlerimiz","status":"publish","type":"page","link":"https:\/\/alma.com.tr\/?page_id=369","title":{"rendered":"Grup \u015eirketlerimiz"},"content":{"rendered":"\n<p><\/p>\n\n\n\n<figure class=\"wp-block-gallery has-nested-images columns-default is-cropped wp-block-gallery-1 is-layout-flex wp-block-gallery-is-layout-flex\">\n<figure class=\"wp-block-image size-large\"><img loading=\"lazy\" decoding=\"async\" width=\"510\" height=\"490\" data-id=\"372\" src=\"https:\/\/alma.com.tr\/wp-content\/uploads\/2022\/05\/almalogistics-removebg-preview-1.png\" alt=\"\" class=\"wp-image-372\" srcset=\"https:\/\/alma.com.tr\/wp-content\/uploads\/2022\/05\/almalogistics-removebg-preview-1.png 510w, https:\/\/alma.com.tr\/wp-content\/uploads\/2022\/05\/almalogistics-removebg-preview-1-300x288.png 300w\" sizes=\"auto, (max-width: 510px) 100vw, 510px\" \/><figcaption>ALMA ULUSLARARASI TA\u015eIMACILIK VE LOJ\u0130ST\u0130K<\/figcaption><\/figure>\n\n\n\n<figure class=\"wp-block-image size-large\"><img loading=\"lazy\" decoding=\"async\" width=\"510\" height=\"490\" data-id=\"371\" src=\"https:\/\/alma.com.tr\/wp-content\/uploads\/2022\/05\/almayach-removebg-preview.png\" alt=\"\" class=\"wp-image-371\" srcset=\"https:\/\/alma.com.tr\/wp-content\/uploads\/2022\/05\/almayach-removebg-preview.png 510w, https:\/\/alma.com.tr\/wp-content\/uploads\/2022\/05\/almayach-removebg-preview-300x288.png 300w\" sizes=\"auto, (max-width: 510px) 100vw, 510px\" \/><figcaption>ALMA YACHTING VE K\u0130RALAMA H\u0130ZMETLER\u0130<\/figcaption><\/figure>\n\n\n\n<figure class=\"wp-block-image size-large\"><img loading=\"lazy\" decoding=\"async\" width=\"350\" height=\"263\" data-id=\"374\" src=\"https:\/\/alma.com.tr\/wp-content\/uploads\/2022\/05\/Otelalama5-edited-e1653654537938.jpg\" alt=\"\" class=\"wp-image-374\" srcset=\"https:\/\/alma.com.tr\/wp-content\/uploads\/2022\/05\/Otelalama5-edited-e1653654537938.jpg 350w, https:\/\/alma.com.tr\/wp-content\/uploads\/2022\/05\/Otelalama5-edited-e1653654537938-300x225.jpg 300w\" sizes=\"auto, (max-width: 350px) 100vw, 350px\" \/><figcaption>ALMA PORT OTEL<\/figcaption><\/figure>\n<\/figure>\n","protected":false},"excerpt":{"rendered":"","protected":false},"author":1,"featured_media":284,"parent":0,"menu_order":0,"comment_status":"closed","ping_status":"closed","template":"","meta":{"footnotes":""},"class_list":["post-369","page","type-page","status-publish","has-post-thumbnail","hentry"],"_links":{"self":[{"href":"https:\/\/alma.com.tr\/index.php?rest_route=\/wp\/v2\/pages\/369","targetHints":{"allow":["GET"]}}],"collection":[{"href":"https:\/\/alma.com.tr\/index.php?rest_route=\/wp\/v2\/pages"}],"about":[{"href":"https:\/\/alma.com.tr\/index.php?rest_route=\/wp\/v2\/types\/page"}],"author":[{"embeddable":true,"href":"https:\/\/alma.com.tr\/index.php?rest_route=\/wp\/v2\/users\/1"}],"replies":[{"embeddable":true,"href":"https:\/\/alma.com.tr\/index.php?rest_route=%2Fwp%2Fv2%2Fcomments&post=369"}],"version-history":[{"count":0,"href":"https:\/\/alma.com.tr\/index.php?rest_route=\/wp\/v2\/pages\/369\/revisions"}],"wp:featuredmedia":[{"embeddable":true,"href":"https:\/\/alma.com.tr\/index.php?rest_route=\/wp\/v2\/media\/284"}],"wp:attachment":[{"href":"https:\/\/alma.com.tr\/index.php?rest_route=%2Fwp%2Fv2%2Fmedia&parent=369"}],"curies":[{"name":"wp","href":"https:\/\/api.w.org\/{rel}","templated":true}]}}