{"id":23,"date":"2020-06-03T13:20:43","date_gmt":"2020-06-03T10:20:43","guid":{"rendered":"https:\/\/alma.com.tr\/cozum-ortaklari\/"},"modified":"2022-06-02T10:56:47","modified_gmt":"2022-06-02T07:56:47","slug":"cozum-ortaklari","status":"publish","type":"page","link":"https:\/\/alma.com.tr\/?page_id=23","title":{"rendered":"ALTANLAR Ev Gere\u00e7leri"},"content":{"rendered":"\n<p><strong>1973&#8217;TEN G\u00dcN\u00dcM\u00dcZE ALTANLAR\u2026&nbsp;<\/strong><\/p>\n\n\n\n<p>1973 y\u0131l\u0131nda kurulan, Altanlar , misyonu ve vizyonu ile sekt\u00f6r\u00fcnde hep ilklere imza atm\u0131\u015ft\u0131r.<\/p>\n\n\n\n<p>\u00dclkemizin marka olmu\u015f \u00fcr\u00fcnlerini Yurt d\u0131\u015f\u0131 distrib\u00fct\u00f6rl\u00fc\u011f\u00fcn\u00fc ve toptanc\u0131l\u0131\u011f\u0131n\u0131 ger\u00e7ekle\u015ftiren firmam\u0131z, her ge\u00e7en g\u00fcn de\u011fi\u015fen ve geli\u015fen trendleri yak\u0131ndan takip ederek geli\u015ftirilen do\u011fru pazarlama stratejileri, m\u00fc\u015fteri memnuniyetini garantileyen istikrarl\u0131 sat\u0131\u015f ve sat\u0131\u015f sonras\u0131 hizmetleri ile ,Altanlar \u00fclkemizin ihracat alan\u0131nda ilk 1000 firma aras\u0131na girmeye hak kazanm\u0131\u015ft\u0131r.<\/p>\n\n\n\n<p>Bu sekt\u00f6rde kazand\u0131\u011f\u0131m\u0131z tecr\u00fcbeleri \u00fcretime d\u00f6n\u00fc\u015ft\u00fcrmeyi \u00fclkemiz ad\u0131na kendimize bir bor\u00e7 bildik. Bu sebepten dolay\u0131 bug\u00fcne kadar edindi\u011fimiz ihracat\u00e7\u0131 kimli\u011fimize 2009 y\u0131l\u0131 itibaren imalat\u00e7\u0131 kimli\u011fimize de ekledik.<\/p>\n\n\n\n<p>Firmam\u0131z 2009 y\u0131l\u0131 itibar\u0131 ile Had\u0131mk\u00f6y\u2019deki fabrikam\u0131zda ,10.000 m2 a\u00e7\u0131k ve 8.000 m2 kapal\u0131 alan olmak \u00fczere yeni \u00fcretim tesisinde \u00fcretime ba\u015flam\u0131\u015ft\u0131r. \u00dcretti\u011fimiz \u00fcr\u00fcnlerin %90\u2019\u0131n\u0131 yurt d\u0131\u015f\u0131na ihra\u00e7 etmekteyiz.<\/p>\n\n\n\n<p>Altanlar , ba\u015far\u0131ya endeksli \u015firket politikalar\u0131 ve ger\u00e7ekle\u015ftirdi\u011fi \u00f6nemli yat\u0131r\u0131mlarla, globalle\u015fen D\u00fcnya \u2018da \u00fclkemizi ba\u015far\u0131yla temsil etmenin gururunu ta\u015f\u0131maktad\u0131r.<\/p>\n\n\n\n<p>\u00dcr\u00fcn Kategorilerimiz;<\/p>\n\n\n\n<p><a href=\"http:\/\/altanlarcam.com\/index.asp#\">\u00dcR\u00dcNLER<\/a><\/p>\n\n\n\n<p><a href=\"http:\/\/altanlarcam.com\/altanlar-cam.asp\">Altanlar Cam<\/a><br><a href=\"http:\/\/altanlarcam.com\/altanlar-porselen.asp\">Altanlar Porselen<\/a><br><a href=\"http:\/\/altanlarcam.com\/index.asp#\">Altanlar Ev Gere\u00e7leri<\/a><br><a href=\"http:\/\/altanlarcam.com\/altanlar-celik.asp\">Altanlar \u00c7elik<\/a><br><a href=\"http:\/\/altanlarcam.com\/index.asp#\">Alma By Altanlar<\/a><br><a href=\"http:\/\/altanlarcam.com\/index.asp#\">Altanlar Kozmetik<\/a><br><a href=\"http:\/\/altanlarcam.com\/index.asp#\">Sinbo Elektrikli ev Aletleri<\/a><br><a href=\"http:\/\/altanlarcam.com\/index.asp#\">Altanlar Plastik<\/a><\/p>\n\n\n\n<figure class=\"wp-block-gallery has-nested-images columns-default wp-block-gallery-1 is-layout-flex wp-block-gallery-is-layout-flex\">\n<figure class=\"wp-block-image size-full\"><img loading=\"lazy\" decoding=\"async\" width=\"800\" height=\"640\" data-id=\"472\" src=\"https:\/\/alma.com.tr\/wp-content\/uploads\/2022\/05\/4b927e2b-505d-40ad-adb4-8648e5a6ef10.png\" alt=\"\" class=\"wp-image-472\" srcset=\"https:\/\/alma.com.tr\/wp-content\/uploads\/2022\/05\/4b927e2b-505d-40ad-adb4-8648e5a6ef10.png 800w, https:\/\/alma.com.tr\/wp-content\/uploads\/2022\/05\/4b927e2b-505d-40ad-adb4-8648e5a6ef10-300x240.png 300w, https:\/\/alma.com.tr\/wp-content\/uploads\/2022\/05\/4b927e2b-505d-40ad-adb4-8648e5a6ef10-768x614.png 768w\" sizes=\"auto, (max-width: 800px) 100vw, 800px\" \/><\/figure>\n\n\n\n<figure class=\"wp-block-image size-full\"><img loading=\"lazy\" decoding=\"async\" width=\"298\" height=\"495\" data-id=\"475\" src=\"https:\/\/alma.com.tr\/wp-content\/uploads\/2022\/05\/313u3NUKy9S._AC_SY1000_.jpeg\" alt=\"\" class=\"wp-image-475\" srcset=\"https:\/\/alma.com.tr\/wp-content\/uploads\/2022\/05\/313u3NUKy9S._AC_SY1000_.jpeg 298w, https:\/\/alma.com.tr\/wp-content\/uploads\/2022\/05\/313u3NUKy9S._AC_SY1000_-181x300.jpeg 181w\" sizes=\"auto, (max-width: 298px) 100vw, 298px\" \/><\/figure>\n\n\n\n<figure class=\"wp-block-image size-full\"><img loading=\"lazy\" decoding=\"async\" width=\"214\" height=\"235\" data-id=\"479\" src=\"https:\/\/alma.com.tr\/wp-content\/uploads\/2022\/05\/4435ref.jpeg\" alt=\"\" class=\"wp-image-479\"\/><\/figure>\n\n\n\n<figure class=\"wp-block-image size-full\"><img loading=\"lazy\" decoding=\"async\" width=\"375\" height=\"375\" data-id=\"478\" src=\"https:\/\/alma.com.tr\/wp-content\/uploads\/2022\/05\/9664853016626.jpeg\" alt=\"\" class=\"wp-image-478\" srcset=\"https:\/\/alma.com.tr\/wp-content\/uploads\/2022\/05\/9664853016626.jpeg 375w, https:\/\/alma.com.tr\/wp-content\/uploads\/2022\/05\/9664853016626-300x300.jpeg 300w, https:\/\/alma.com.tr\/wp-content\/uploads\/2022\/05\/9664853016626-150x150.jpeg 150w\" sizes=\"auto, (max-width: 375px) 100vw, 375px\" \/><\/figure>\n\n\n\n<figure class=\"wp-block-image size-full\"><img loading=\"lazy\" decoding=\"async\" width=\"225\" height=\"225\" data-id=\"477\" src=\"https:\/\/alma.com.tr\/wp-content\/uploads\/2022\/05\/safdsf.jpeg\" alt=\"\" class=\"wp-image-477\" srcset=\"https:\/\/alma.com.tr\/wp-content\/uploads\/2022\/05\/safdsf.jpeg 225w, https:\/\/alma.com.tr\/wp-content\/uploads\/2022\/05\/safdsf-150x150.jpeg 150w\" sizes=\"auto, (max-width: 225px) 100vw, 225px\" \/><\/figure>\n\n\n\n<figure class=\"wp-block-image size-full\"><img loading=\"lazy\" decoding=\"async\" width=\"225\" height=\"225\" data-id=\"476\" src=\"https:\/\/alma.com.tr\/wp-content\/uploads\/2022\/05\/Unknown.jpeg\" alt=\"\" class=\"wp-image-476\" srcset=\"https:\/\/alma.com.tr\/wp-content\/uploads\/2022\/05\/Unknown.jpeg 225w, https:\/\/alma.com.tr\/wp-content\/uploads\/2022\/05\/Unknown-150x150.jpeg 150w\" sizes=\"auto, (max-width: 225px) 100vw, 225px\" \/><\/figure>\n\n\n\n<figure class=\"wp-block-image size-full\"><img loading=\"lazy\" decoding=\"async\" width=\"420\" height=\"512\" data-id=\"474\" src=\"https:\/\/alma.com.tr\/wp-content\/uploads\/2022\/05\/xtanbul-demlik.jpeg\" alt=\"\" class=\"wp-image-474\" srcset=\"https:\/\/alma.com.tr\/wp-content\/uploads\/2022\/05\/xtanbul-demlik.jpeg 420w, https:\/\/alma.com.tr\/wp-content\/uploads\/2022\/05\/xtanbul-demlik-246x300.jpeg 246w\" sizes=\"auto, (max-width: 420px) 100vw, 420px\" \/><\/figure>\n<\/figure>\n\n\n\n<p>Fabrika Adres: Had\u0131mk\u00f6y Karaa\u011fa\u00e7 Mh. Yi\u011fitt\u00fcrk Cd. No:36\/1 Had\u0131mk\u00f6y \u0130stanbul T\u00fcrkiye\u00a0<br>Telefon: 0 212 659 61 45<br>Faks: 0 212 659 61 49<br>E-Mail :\u00a0<a href=\"mailto:export@altanlarcam.com\">export@altanlarcam.com<\/a><br>E-Mail :\u00a0<a href=\"mailto:info@altanlarcam.com\">info@altanlarcam.com<\/a><\/p>\n","protected":false},"excerpt":{"rendered":"<p>1973&#8217;TEN G\u00dcN\u00dcM\u00dcZE ALTANLAR\u2026&nbsp; 1973 y\u0131l\u0131nda kurulan, Altanlar , misyonu ve vizyonu ile sekt\u00f6r\u00fcnde hep ilklere imza atm\u0131\u015ft\u0131r. \u00dclkemizin marka olmu\u015f \u00fcr\u00fcnlerini Yurt d\u0131\u015f\u0131 distrib\u00fct\u00f6rl\u00fc\u011f\u00fcn\u00fc ve toptanc\u0131l\u0131\u011f\u0131n\u0131 ger\u00e7ekle\u015ftiren firmam\u0131z, her ge\u00e7en g\u00fcn de\u011fi\u015fen ve geli\u015fen trendleri yak\u0131ndan takip ederek geli\u015ftirilen do\u011fru pazarlama stratejileri, m\u00fc\u015fteri memnuniyetini garantileyen istikrarl\u0131 sat\u0131\u015f ve sat\u0131\u015f sonras\u0131 hizmetleri ile ,Altanlar \u00fclkemizin ihracat [&hellip;]<\/p>\n","protected":false},"author":1,"featured_media":0,"parent":0,"menu_order":0,"comment_status":"closed","ping_status":"closed","template":"pages\/page-references.php","meta":{"footnotes":""},"class_list":["post-23","page","type-page","status-publish","hentry"],"_links":{"self":[{"href":"https:\/\/alma.com.tr\/index.php?rest_route=\/wp\/v2\/pages\/23","targetHints":{"allow":["GET"]}}],"collection":[{"href":"https:\/\/alma.com.tr\/index.php?rest_route=\/wp\/v2\/pages"}],"about":[{"href":"https:\/\/alma.com.tr\/index.php?rest_route=\/wp\/v2\/types\/page"}],"author":[{"embeddable":true,"href":"https:\/\/alma.com.tr\/index.php?rest_route=\/wp\/v2\/users\/1"}],"replies":[{"embeddable":true,"href":"https:\/\/alma.com.tr\/index.php?rest_route=%2Fwp%2Fv2%2Fcomments&post=23"}],"version-history":[{"count":5,"href":"https:\/\/alma.com.tr\/index.php?rest_route=\/wp\/v2\/pages\/23\/revisions"}],"predecessor-version":[{"id":498,"href":"https:\/\/alma.com.tr\/index.php?rest_route=\/wp\/v2\/pages\/23\/revisions\/498"}],"wp:attachment":[{"href":"https:\/\/alma.com.tr\/index.php?rest_route=%2Fwp%2Fv2%2Fmedia&parent=23"}],"curies":[{"name":"wp","href":"https:\/\/api.w.org\/{rel}","templated":true}]}}